{"id":2892,"date":"2026-03-18T19:22:40","date_gmt":"2026-03-18T19:22:40","guid":{"rendered":"https:\/\/collinsdivisionveterinaria.com\/?post_type=product&#038;p=2892"},"modified":"2026-03-18T19:22:40","modified_gmt":"2026-03-18T19:22:40","slug":"colliver-la","status":"publish","type":"product","link":"https:\/\/collinsdivisionveterinaria.com\/?product=colliver-la","title":{"rendered":"COLLIVER LA"},"content":{"rendered":"","protected":false},"excerpt":{"rendered":"<p>Soluci\u00f3n Oral<\/p>\n<p><a class=\"button\" href=\"https:\/\/collinsdivisionveterinaria.com\/wp-content\/uploads\/2026\/03\/COLLIVER-LA.pdf\" download=\"\">DESCARGAR FICHA T\u00c9CNICA<\/a><\/p>\n<p>Ivermectina para el tratamiento de endopar\u00e1sitos gastrointestinales, renales y pulmonares por nem\u00e1todos, as\u00ed como ectopar\u00e1sitos como \u00e1caros, piojos y larvas de mosca. Espectro: endopar\u00e1sitos: pulmonares; Dictyocaulus viviparus, Metastrongylus spp., Gastrointestinales; Ascaris suum, Bunostomum phlebotomum,Cooperia spp., Haemonchus placei, Hyostrongylus rubidus, Mecistocirrus digitatus, Nematodirus helvetianus, Oesophagostomum spp., Strongyloides spp., Trichuris suis, Trichostrongylus spp., Toxocara vitulorum. Oculares: Thelazia<br \/>\nspp. Renales: Stephanurus dentatus. Ectopar\u00e1sitos; Larvas de mosca: Oestrus sp. \u00c1caros productores de sarna: Psoroptes ovis var. Bovis, Sarcoptes scabiei var. Ovis, Sarcoptes scabiei var. Suis, Chorioptes bovis. Piojos; Haematopinus eurysternus, Haematopinus suis, Linognatitus vituli, Solenopotes capillatus.<\/p>\n<p><strong>Producto para uso exclusivo en Medicina Veterinaria.<\/strong><\/p>\n","protected":false},"featured_media":2890,"template":"","meta":{"_monsterinsights_skip_tracking":false,"_monsterinsights_sitenote_active":false,"_monsterinsights_sitenote_note":"","_monsterinsights_sitenote_category":0,"_kadence_starter_templates_imported_post":false},"product_brand":[],"product_cat":[38],"product_tag":[49,37],"class_list":{"0":"post-2892","1":"product","2":"type-product","3":"status-publish","4":"has-post-thumbnail","6":"product_cat-inyectable","7":"product_tag-colliver-la","8":"product_tag-inyectable","10":"first","11":"instock","12":"downloadable","13":"virtual","14":"product-type-simple"},"aioseo_notices":[],"_links":{"self":[{"href":"https:\/\/collinsdivisionveterinaria.com\/index.php?rest_route=\/wp\/v2\/product\/2892","targetHints":{"allow":["GET"]}}],"collection":[{"href":"https:\/\/collinsdivisionveterinaria.com\/index.php?rest_route=\/wp\/v2\/product"}],"about":[{"href":"https:\/\/collinsdivisionveterinaria.com\/index.php?rest_route=\/wp\/v2\/types\/product"}],"wp:featuredmedia":[{"embeddable":true,"href":"https:\/\/collinsdivisionveterinaria.com\/index.php?rest_route=\/wp\/v2\/media\/2890"}],"wp:attachment":[{"href":"https:\/\/collinsdivisionveterinaria.com\/index.php?rest_route=%2Fwp%2Fv2%2Fmedia&parent=2892"}],"wp:term":[{"taxonomy":"product_brand","embeddable":true,"href":"https:\/\/collinsdivisionveterinaria.com\/index.php?rest_route=%2Fwp%2Fv2%2Fproduct_brand&post=2892"},{"taxonomy":"product_cat","embeddable":true,"href":"https:\/\/collinsdivisionveterinaria.com\/index.php?rest_route=%2Fwp%2Fv2%2Fproduct_cat&post=2892"},{"taxonomy":"product_tag","embeddable":true,"href":"https:\/\/collinsdivisionveterinaria.com\/index.php?rest_route=%2Fwp%2Fv2%2Fproduct_tag&post=2892"}],"curies":[{"name":"wp","href":"https:\/\/api.w.org\/{rel}","templated":true}]}}