{"id":2881,"date":"2026-03-18T18:14:49","date_gmt":"2026-03-18T18:14:49","guid":{"rendered":"https:\/\/collinsdivisionveterinaria.com\/?post_type=product&#038;p=2881"},"modified":"2026-03-18T18:16:05","modified_gmt":"2026-03-18T18:16:05","slug":"arsicoll","status":"publish","type":"product","link":"https:\/\/collinsdivisionveterinaria.com\/?product=arsicoll","title":{"rendered":"ARSICOLL"},"content":{"rendered":"","protected":false},"excerpt":{"rendered":"<p>Soluci\u00f3n Oral<\/p>\n<p><a class=\"button\" href=\"https:\/\/collinsdivisionveterinaria.com\/wp-content\/uploads\/2026\/03\/ARSICOLL.pdf\" download=\"\">DESCARGAR FICHA T\u00c9CNICA<\/a><\/p>\n<p>Reconstituyente y estimulante del apetito con propiedades hematopoy\u00e9ticas, est\u00e1 indicado como coadyuvante en el tratamiento de parasitosis, estados post infecciosos, estr\u00e9s, desnutrici\u00f3n, inapetencia y anemias porcausas m\u00faltiples.<\/p>\n<p><strong>Producto para uso exclusivo en Medicina Veterinaria.<\/strong><\/p>\n","protected":false},"featured_media":2880,"template":"","meta":{"_monsterinsights_skip_tracking":false,"_monsterinsights_sitenote_active":false,"_monsterinsights_sitenote_note":"","_monsterinsights_sitenote_category":0,"_kadence_starter_templates_imported_post":false},"product_brand":[],"product_cat":[38],"product_tag":[46,37],"class_list":{"0":"post-2881","1":"product","2":"type-product","3":"status-publish","4":"has-post-thumbnail","6":"product_cat-inyectable","7":"product_tag-arsicoll","8":"product_tag-inyectable","10":"first","11":"instock","12":"downloadable","13":"virtual","14":"product-type-simple"},"aioseo_notices":[],"_links":{"self":[{"href":"https:\/\/collinsdivisionveterinaria.com\/index.php?rest_route=\/wp\/v2\/product\/2881","targetHints":{"allow":["GET"]}}],"collection":[{"href":"https:\/\/collinsdivisionveterinaria.com\/index.php?rest_route=\/wp\/v2\/product"}],"about":[{"href":"https:\/\/collinsdivisionveterinaria.com\/index.php?rest_route=\/wp\/v2\/types\/product"}],"wp:featuredmedia":[{"embeddable":true,"href":"https:\/\/collinsdivisionveterinaria.com\/index.php?rest_route=\/wp\/v2\/media\/2880"}],"wp:attachment":[{"href":"https:\/\/collinsdivisionveterinaria.com\/index.php?rest_route=%2Fwp%2Fv2%2Fmedia&parent=2881"}],"wp:term":[{"taxonomy":"product_brand","embeddable":true,"href":"https:\/\/collinsdivisionveterinaria.com\/index.php?rest_route=%2Fwp%2Fv2%2Fproduct_brand&post=2881"},{"taxonomy":"product_cat","embeddable":true,"href":"https:\/\/collinsdivisionveterinaria.com\/index.php?rest_route=%2Fwp%2Fv2%2Fproduct_cat&post=2881"},{"taxonomy":"product_tag","embeddable":true,"href":"https:\/\/collinsdivisionveterinaria.com\/index.php?rest_route=%2Fwp%2Fv2%2Fproduct_tag&post=2881"}],"curies":[{"name":"wp","href":"https:\/\/api.w.org\/{rel}","templated":true}]}}