{"id":2877,"date":"2026-03-18T18:03:36","date_gmt":"2026-03-18T18:03:36","guid":{"rendered":"https:\/\/collinsdivisionveterinaria.com\/?post_type=product&#038;p=2877"},"modified":"2026-03-18T18:18:25","modified_gmt":"2026-03-18T18:18:25","slug":"amoxicoll-rt","status":"publish","type":"product","link":"https:\/\/collinsdivisionveterinaria.com\/?product=amoxicoll-rt","title":{"rendered":"AMOXICOLL RT"},"content":{"rendered":"","protected":false},"excerpt":{"rendered":"<p>Soluci\u00f3n Oral<\/p>\n<p><a class=\"button\" href=\"https:\/\/collinsdivisionveterinaria.com\/wp-content\/uploads\/2026\/03\/AMOXICOLL-RT.pdf\" download=\"\">DESCARGAR FICHA T\u00c9CNICA<\/a><\/p>\n<p>Betalact\u00e1mico de larga acci\u00f3n en el tratamiento de infecciones sist\u00e9micas en tejidos blandos, piel, gl\u00e1ndula mamaria, enfermedades respiratorias y gastrointestinales, tratamiento de mastitis, abscesos y lesiones infectadas, as\u00ed como tratamiento post operatorio.<br \/>\n<strong>Producto para uso exclusivo en Medicina Veterinaria.<\/strong><\/p>\n","protected":false},"featured_media":2874,"template":"","meta":{"_monsterinsights_skip_tracking":false,"_monsterinsights_sitenote_active":false,"_monsterinsights_sitenote_note":"","_monsterinsights_sitenote_category":0,"_kadence_starter_templates_imported_post":false},"product_brand":[],"product_cat":[38],"product_tag":[45,37],"class_list":{"0":"post-2877","1":"product","2":"type-product","3":"status-publish","4":"has-post-thumbnail","6":"product_cat-inyectable","7":"product_tag-amoxicoll-rt","8":"product_tag-inyectable","10":"first","11":"instock","12":"downloadable","13":"virtual","14":"product-type-simple"},"aioseo_notices":[],"_links":{"self":[{"href":"https:\/\/collinsdivisionveterinaria.com\/index.php?rest_route=\/wp\/v2\/product\/2877","targetHints":{"allow":["GET"]}}],"collection":[{"href":"https:\/\/collinsdivisionveterinaria.com\/index.php?rest_route=\/wp\/v2\/product"}],"about":[{"href":"https:\/\/collinsdivisionveterinaria.com\/index.php?rest_route=\/wp\/v2\/types\/product"}],"wp:featuredmedia":[{"embeddable":true,"href":"https:\/\/collinsdivisionveterinaria.com\/index.php?rest_route=\/wp\/v2\/media\/2874"}],"wp:attachment":[{"href":"https:\/\/collinsdivisionveterinaria.com\/index.php?rest_route=%2Fwp%2Fv2%2Fmedia&parent=2877"}],"wp:term":[{"taxonomy":"product_brand","embeddable":true,"href":"https:\/\/collinsdivisionveterinaria.com\/index.php?rest_route=%2Fwp%2Fv2%2Fproduct_brand&post=2877"},{"taxonomy":"product_cat","embeddable":true,"href":"https:\/\/collinsdivisionveterinaria.com\/index.php?rest_route=%2Fwp%2Fv2%2Fproduct_cat&post=2877"},{"taxonomy":"product_tag","embeddable":true,"href":"https:\/\/collinsdivisionveterinaria.com\/index.php?rest_route=%2Fwp%2Fv2%2Fproduct_tag&post=2877"}],"curies":[{"name":"wp","href":"https:\/\/api.w.org\/{rel}","templated":true}]}}