{"id":2862,"date":"2026-02-11T18:36:11","date_gmt":"2026-02-11T18:36:11","guid":{"rendered":"https:\/\/collinsdivisionveterinaria.com\/?post_type=product&#038;p=2862"},"modified":"2026-02-11T18:37:43","modified_gmt":"2026-02-11T18:37:43","slug":"algesyn-plues-250-ml","status":"publish","type":"product","link":"https:\/\/collinsdivisionveterinaria.com\/?product=algesyn-plues-250-ml","title":{"rendered":"ALGESYN PLUES 250 ML"},"content":{"rendered":"","protected":false},"excerpt":{"rendered":"<p>Soluci\u00f3n Oral<\/p>\n<p><a class=\"button\" href=\"https:\/\/collinsdivisionveterinaria.com\/wp-content\/uploads\/2026\/02\/ALGESYN-PLUS.pdf\" download=\"\">DESCARGAR FICHA T\u00c9CNICA<\/a><\/p>\n<p>Antiinflamatorio no esteroidal, indicado para casos en que se requiera una acci\u00f3n antiiflamatoria, antipir\u00e9tica y analg\u00e9sica, adem\u00e1s como auxiliar en problemas musculoesquel\u00e9ticos y osteoarticulares, complemento en control de fiebre por infecciones bacterianas y virales, como choque endot\u00f3xico en bovinos, neumon\u00eda, as\u00ed como auxiliar en el control del dolor post quir\u00fargico o por la inflamaci\u00f3n generada en el s\u00edndrome disgalactia postparto (MMA) y mastitis aguda.<\/p>\n<p><strong>Producto para uso exclusivo en Medicina Veterinaria.<\/strong><\/p>\n","protected":false},"featured_media":2858,"template":"","meta":{"_monsterinsights_skip_tracking":false,"_monsterinsights_sitenote_active":false,"_monsterinsights_sitenote_note":"","_monsterinsights_sitenote_category":0,"_kadence_starter_templates_imported_post":false},"product_brand":[],"product_cat":[38],"product_tag":[43,37],"class_list":{"0":"post-2862","1":"product","2":"type-product","3":"status-publish","4":"has-post-thumbnail","6":"product_cat-inyectable","7":"product_tag-algesyn-plus","8":"product_tag-inyectable","10":"first","11":"instock","12":"downloadable","13":"virtual","14":"product-type-simple"},"aioseo_notices":[],"_links":{"self":[{"href":"https:\/\/collinsdivisionveterinaria.com\/index.php?rest_route=\/wp\/v2\/product\/2862","targetHints":{"allow":["GET"]}}],"collection":[{"href":"https:\/\/collinsdivisionveterinaria.com\/index.php?rest_route=\/wp\/v2\/product"}],"about":[{"href":"https:\/\/collinsdivisionveterinaria.com\/index.php?rest_route=\/wp\/v2\/types\/product"}],"wp:featuredmedia":[{"embeddable":true,"href":"https:\/\/collinsdivisionveterinaria.com\/index.php?rest_route=\/wp\/v2\/media\/2858"}],"wp:attachment":[{"href":"https:\/\/collinsdivisionveterinaria.com\/index.php?rest_route=%2Fwp%2Fv2%2Fmedia&parent=2862"}],"wp:term":[{"taxonomy":"product_brand","embeddable":true,"href":"https:\/\/collinsdivisionveterinaria.com\/index.php?rest_route=%2Fwp%2Fv2%2Fproduct_brand&post=2862"},{"taxonomy":"product_cat","embeddable":true,"href":"https:\/\/collinsdivisionveterinaria.com\/index.php?rest_route=%2Fwp%2Fv2%2Fproduct_cat&post=2862"},{"taxonomy":"product_tag","embeddable":true,"href":"https:\/\/collinsdivisionveterinaria.com\/index.php?rest_route=%2Fwp%2Fv2%2Fproduct_tag&post=2862"}],"curies":[{"name":"wp","href":"https:\/\/api.w.org\/{rel}","templated":true}]}}