{"id":2838,"date":"2026-02-11T14:47:47","date_gmt":"2026-02-11T14:47:47","guid":{"rendered":"https:\/\/collinsdivisionveterinaria.com\/?post_type=product&#038;p=2838"},"modified":"2026-03-18T17:36:44","modified_gmt":"2026-03-18T17:36:44","slug":"acticef","status":"publish","type":"product","link":"https:\/\/collinsdivisionveterinaria.com\/?product=acticef","title":{"rendered":"ACTICEF"},"content":{"rendered":"","protected":false},"excerpt":{"rendered":"<p>Suspensi\u00f3n inyectable<\/p>\n<p><a class=\"button\" href=\"https:\/\/collinsdivisionveterinaria.com\/wp-content\/uploads\/2026\/02\/ACTICEF.pdf\" download=\"\">DESCARGAR FICHA T\u00c9CNICA<\/a><\/p>\n<p>Cefalosporina de tercera generaci\u00f3n para el tratamiento de infecciones como pododermatitis, mastitis, metritis aguda post parto, pleuroneumon\u00eda porcina, enfermedad de Gl\u00e4sser, complejo respiratorio porcino, salmonelosis, fiebre de embarque, complejo respiratorio bovino, enfermedades respiratorias y urinarias en caninos, entre otras.<\/p>\n<p><strong>Producto para uso exclusivo en Medicina Veterinaria.<\/strong><\/p>\n","protected":false},"featured_media":2873,"template":"","meta":{"_monsterinsights_skip_tracking":false,"_monsterinsights_sitenote_active":false,"_monsterinsights_sitenote_note":"","_monsterinsights_sitenote_category":0,"_kadence_starter_templates_imported_post":false},"product_brand":[],"product_cat":[38],"product_tag":[39,37],"class_list":{"0":"post-2838","1":"product","2":"type-product","3":"status-publish","4":"has-post-thumbnail","6":"product_cat-inyectable","7":"product_tag-acticef","8":"product_tag-inyectable","10":"first","11":"onbackorder","12":"downloadable","13":"virtual","14":"product-type-simple"},"aioseo_notices":[],"_links":{"self":[{"href":"https:\/\/collinsdivisionveterinaria.com\/index.php?rest_route=\/wp\/v2\/product\/2838","targetHints":{"allow":["GET"]}}],"collection":[{"href":"https:\/\/collinsdivisionveterinaria.com\/index.php?rest_route=\/wp\/v2\/product"}],"about":[{"href":"https:\/\/collinsdivisionveterinaria.com\/index.php?rest_route=\/wp\/v2\/types\/product"}],"wp:featuredmedia":[{"embeddable":true,"href":"https:\/\/collinsdivisionveterinaria.com\/index.php?rest_route=\/wp\/v2\/media\/2873"}],"wp:attachment":[{"href":"https:\/\/collinsdivisionveterinaria.com\/index.php?rest_route=%2Fwp%2Fv2%2Fmedia&parent=2838"}],"wp:term":[{"taxonomy":"product_brand","embeddable":true,"href":"https:\/\/collinsdivisionveterinaria.com\/index.php?rest_route=%2Fwp%2Fv2%2Fproduct_brand&post=2838"},{"taxonomy":"product_cat","embeddable":true,"href":"https:\/\/collinsdivisionveterinaria.com\/index.php?rest_route=%2Fwp%2Fv2%2Fproduct_cat&post=2838"},{"taxonomy":"product_tag","embeddable":true,"href":"https:\/\/collinsdivisionveterinaria.com\/index.php?rest_route=%2Fwp%2Fv2%2Fproduct_tag&post=2838"}],"curies":[{"name":"wp","href":"https:\/\/api.w.org\/{rel}","templated":true}]}}