{"id":944,"date":"2024-12-03T22:25:10","date_gmt":"2024-12-03T22:25:10","guid":{"rendered":"https:\/\/collinsdivisionveterinaria.com\/?page_id=944"},"modified":"2025-04-10T21:33:48","modified_gmt":"2025-04-10T21:33:48","slug":"terminos-y-condiciones","status":"publish","type":"page","link":"https:\/\/collinsdivisionveterinaria.com\/?page_id=944","title":{"rendered":"T\u00e9rminos y Condiciones"},"content":{"rendered":"\t\t<div data-elementor-type=\"wp-page\" data-elementor-id=\"944\" class=\"elementor elementor-944\">\n\t\t\t\t<div class=\"elementor-element elementor-element-fb91d71 e-flex e-con-boxed e-con e-parent\" data-id=\"fb91d71\" data-element_type=\"container\">\n\t\t\t\t\t<div class=\"e-con-inner\">\n\t\t\t\t<div class=\"elementor-element elementor-element-249c58b elementor-widget elementor-widget-text-editor\" data-id=\"249c58b\" data-element_type=\"widget\" data-widget_type=\"text-editor.default\">\n\t\t\t\t<div class=\"elementor-widget-container\">\n\t\t\t\t\t\t\t\t\t<p>El presente documento establece los t\u00e9rminos y condiciones bajo los cuales se rige el acceso y uso del sitio web <a href=\"https:\/\/collinsdivisionveterinaria.com\/\">https:\/\/collinsdivisionveterinaria.com\/<\/a> y p\u00e1ginas web, los cuales son propiedad y operados por la sociedad <strong>Collins Divisi\u00f3n Veterinaria, S.A. de C.V.<\/strong> (en adelante, \u201c<strong>Collins Divisi\u00f3n Veterinaria<\/strong>\u201d). Dicho sitio se encuentra a disposici\u00f3n de los visitantes en general dentro y fuera de la Rep\u00fablica Mexicana y es vinculante para los mismos, por lo que al acceder o usar el sitio referido, confirmas que has le\u00eddo, entendido y aceptas estar vinculado por estos T\u00e9rminos.<\/p><h4><strong style=\"text-align: var(--text-align);\">2. Alcances<\/strong><\/h4><p>El presente sitio web proporciona a los visitantes informaci\u00f3n general sobre la empresa, su misi\u00f3n, valores, portafolio de productos, noticias y otros contenidos de inter\u00e9s, por lo que el acceso y uso del sitio implica la aceptaci\u00f3n plena e incondicional de estos T\u00e9rminos y Condiciones, recomend\u00e1ndose al usuario leerlos detenidamente antes de su acceso y permanencia.<\/p><p>Es importante resaltar que este sitio web no operar\u00e1 bajo ning\u00fan concepto como plataforma de venta de productos, siendo \u00fanicamente de car\u00e1cter informativo para contactar con el departamento correspondiente de <strong>Collins Divisi\u00f3n Veterinaria<\/strong>.<\/p><h4><strong style=\"text-align: var(--text-align);\">3. Restricciones de Edad<\/strong><\/h4><p>Para usar nuestro sitio web debes contar con la mayor\u00eda de edad legal en tu jurisdicci\u00f3n, y poseer la autoridad legal para participar en estos T\u00e9rminos como acuerdo vinculante. No puedes usar este sitio web si hacerlo est\u00e1 prohibido en tu pa\u00eds o seg\u00fan cualquier ley o reglamento que te sea aplicable.<\/p><h4><strong style=\"text-align: var(--text-align);\">4. Uso del Servicio<\/strong><\/h4><p>Todos los contenidos, materiales, software, im\u00e1genes, textos, gr\u00e1ficos, logotipos, marcas, derechos de autor, fotograf\u00edas, audios, videos y dem\u00e1s elementos protegidos por la ley son propiedad exclusiva de <strong>Collins Divisi\u00f3n Veterinaria<\/strong>. En virtud de estos T\u00e9rminos, no se concede ninguna licencia o autorizaci\u00f3n para reproducir, modificar, distribuir, comunicar p\u00fablicamente, transmitir, reproducir, licenciar, crear obras derivadas, vender o explotar de cualquier otra forma el contenido del sitio sin el consentimiento previo y por escrito de la empresa. Se proh\u00edbe expresamente el uso del contenido para fines comerciales o no autorizados, siendo el uso personal y no comercial el \u00fanico permitido, salvo autorizaci\u00f3n expresa.<\/p><h4><strong style=\"text-align: var(--text-align);\">5. <\/strong><strong>No Garant\u00eda<\/strong><\/h4><p>El sitio web y la informaci\u00f3n contenida en el mismo se suministran \u201ctal cual\u201d, sin que se ofrezcan garant\u00edas, ya sean expresas o impl\u00edcitas, incluyendo, sin limitarse a, garant\u00edas de comerciabilidad, idoneidad para un prop\u00f3sito determinado o funcionamiento ininterrumpido. <strong>Collins Divisi\u00f3n Veterinaria<\/strong> no garantiza que el sitio est\u00e9 disponible de forma continua ni que est\u00e9 libre de errores o interrupciones.<\/p><h4><strong style=\"text-align: var(--text-align);\">6. L<\/strong><strong>imitaci\u00f3n de Responsabilidad<\/strong><\/h4><p>a) La empresa no se hace responsable del mal uso de la informaci\u00f3n proporcionada en el sitio.<\/p><p>b) No se garantiza la disponibilidad del sitio en todo momento.<\/p><p>c) En ning\u00fan caso, ni <strong>Collins Divisi\u00f3n Veterinaria<\/strong> ni sus afiliados, subsidiarias, agentes o representantes ser\u00e1n responsables por da\u00f1os directos, indirectos, incidentales, consecuenciales, punitivos o de cualquier otra \u00edndole que se deriven del uso o la imposibilidad de uso del sitio, aun cuando se haya advertido de la posibilidad de tales da\u00f1os.<\/p><h4><strong style=\"text-align: var(--text-align);\">7. <\/strong><strong>Enlaces a Terceros<\/strong><\/h4><p>El sitio web puede incluir enlaces a p\u00e1ginas, recursos o contenidos de terceros. <strong>Collins Divisi\u00f3n Veterinaria<\/strong> no asume responsabilidad alguna respecto del contenido, pol\u00edticas de privacidad o pr\u00e1cticas de dichos sitios, ni garantiza la veracidad, integridad o legalidad de la informaci\u00f3n contenida en ellos. La inclusi\u00f3n de enlaces externos no implica respaldo o afiliaci\u00f3n con las entidades propietarias de dichos contenidos.<\/p><h4><strong style=\"text-align: var(--text-align);\">8. <\/strong><strong>Uso del Formulario de Contacto<\/strong><\/h4><p>En caso de utilizar el formulario de contacto disponible en el sitio, el usuario se compromete a proporcionar informaci\u00f3n veraz y completa. <strong>Collins Divisi\u00f3n Veterinaria<\/strong> se reserva el derecho de no responder a todas las solicitudes recibidas, sin que ello genere responsabilidad alguna para la empresa.<\/p><h4><strong style=\"text-align: var(--text-align);\">9. <\/strong><strong>Modificaciones a los T\u00e9rminos y Condiciones<\/strong><\/h4><p><strong>Collins Divisi\u00f3n Veterinaria<\/strong> se reserva el derecho de modificar unilateralmente estos T\u00e9rminos y Condiciones en cualquier momento y sin previo aviso. Se recomienda a los usuarios revisar peri\u00f3dicamente esta secci\u00f3n para estar informados de posibles actualizaciones. El uso continuado del sitio tras la publicaci\u00f3n de modificaciones se considerar\u00e1 como aceptaci\u00f3n de las nuevas condiciones.<\/p><h4><strong style=\"text-align: var(--text-align);\">10. <\/strong><strong>Jurisdicci\u00f3n y Ley Aplicable<\/strong><\/h4><p>Estos T\u00e9rminos y Condiciones se regir\u00e1n e interpretar\u00e1n conforme a las leyes de la Rep\u00fablica Mexicana. Para la interpretaci\u00f3n y cumplimiento de los mismos, las partes se someten a la jurisdicci\u00f3n de los tribunales competentes de Guadalajara, Jalisco, renunciando expresamente a cualquier otro fuero que pudiera corresponderles por raz\u00f3n de su domicilio presente o futuro.<\/p><h6><strong>T\u00e9rminos y Condiciones actualizados al 04 de abril de 2025.<\/strong><\/h6>\t\t\t\t\t\t\t\t<\/div>\n\t\t\t\t<\/div>\n\t\t\t\t\t<\/div>\n\t\t\t\t<\/div>\n\t\t\t\t<\/div>\n\t\t","protected":false},"excerpt":{"rendered":"<p>El presente documento establece los t\u00e9rminos y condiciones bajo los cuales se rige el acceso y uso del sitio web https:\/\/collinsdivisionveterinaria.com\/ y p\u00e1ginas web, los cuales son propiedad y operados por la sociedad Collins Divisi\u00f3n Veterinaria, S.A. de C.V. (en adelante, \u201cCollins Divisi\u00f3n Veterinaria\u201d). Dicho sitio se encuentra a disposici\u00f3n de los visitantes en general dentro y fuera de la&#8230;<\/p>\n","protected":false},"author":4,"featured_media":0,"parent":0,"menu_order":0,"comment_status":"closed","ping_status":"closed","template":"","meta":{"_monsterinsights_skip_tracking":false,"_monsterinsights_sitenote_active":false,"_monsterinsights_sitenote_note":"","_monsterinsights_sitenote_category":0,"_kadence_starter_templates_imported_post":false,"footnotes":""},"class_list":["post-944","page","type-page","status-publish","hentry"],"aioseo_notices":[],"_links":{"self":[{"href":"https:\/\/collinsdivisionveterinaria.com\/index.php?rest_route=\/wp\/v2\/pages\/944","targetHints":{"allow":["GET"]}}],"collection":[{"href":"https:\/\/collinsdivisionveterinaria.com\/index.php?rest_route=\/wp\/v2\/pages"}],"about":[{"href":"https:\/\/collinsdivisionveterinaria.com\/index.php?rest_route=\/wp\/v2\/types\/page"}],"author":[{"embeddable":true,"href":"https:\/\/collinsdivisionveterinaria.com\/index.php?rest_route=\/wp\/v2\/users\/4"}],"replies":[{"embeddable":true,"href":"https:\/\/collinsdivisionveterinaria.com\/index.php?rest_route=%2Fwp%2Fv2%2Fcomments&post=944"}],"version-history":[{"count":23,"href":"https:\/\/collinsdivisionveterinaria.com\/index.php?rest_route=\/wp\/v2\/pages\/944\/revisions"}],"predecessor-version":[{"id":2601,"href":"https:\/\/collinsdivisionveterinaria.com\/index.php?rest_route=\/wp\/v2\/pages\/944\/revisions\/2601"}],"wp:attachment":[{"href":"https:\/\/collinsdivisionveterinaria.com\/index.php?rest_route=%2Fwp%2Fv2%2Fmedia&parent=944"}],"curies":[{"name":"wp","href":"https:\/\/api.w.org\/{rel}","templated":true}]}}