{"id":2319,"date":"2025-02-25T22:34:29","date_gmt":"2025-02-25T22:34:29","guid":{"rendered":"https:\/\/collinsdivisionveterinaria.com\/?page_id=2319"},"modified":"2025-04-04T15:47:02","modified_gmt":"2025-04-04T15:47:02","slug":"derechos-arco","status":"publish","type":"page","link":"https:\/\/collinsdivisionveterinaria.com\/?page_id=2319","title":{"rendered":"Derechos ARCO"},"content":{"rendered":"\t\t<div data-elementor-type=\"wp-page\" data-elementor-id=\"2319\" class=\"elementor elementor-2319\">\n\t\t\t\t<div class=\"elementor-element elementor-element-b3e5e37 e-flex e-con-boxed e-con e-parent\" data-id=\"b3e5e37\" data-element_type=\"container\">\n\t\t\t\t\t<div class=\"e-con-inner\">\n\t\t\t\t<div class=\"elementor-element elementor-element-1caeabc elementor-widget elementor-widget-text-editor\" data-id=\"1caeabc\" data-element_type=\"widget\" data-widget_type=\"text-editor.default\">\n\t\t\t\t<div class=\"elementor-widget-container\">\n\t\t\t\t\t\t\t\t\tLa protecci\u00f3n de tus datos personales es un derecho vinculado a la protecci\u00f3n de tu privacidad. Te ofrece los medios para controlar el uso ajeno y destino de tu informaci\u00f3n general, con el prop\u00f3sito de impedir su tr\u00e1fico il\u00edcito y la potencial vulneraci\u00f3n de tu dignidad. Este poder de control sobre tus datos personales se manifiesta a trav\u00e9s de los denominados derechos ARCO (Acceso, Rectificaci\u00f3n, Cancelaci\u00f3n y Oposici\u00f3n) a trav\u00e9s de los cuales tienes la facultad de:\n<ul>\n \t<li>Conocer en todo momento qui\u00e9n dispone de tus datos y para qu\u00e9 est\u00e1n siendo utilizados. <a href=\"https:\/\/collinsdivisionveterinaria.com\/?page_id=2391\" rel=\"noopener\">Click aqu\u00ed para comenzar<\/a><\/li>\n \t<li>Solicitar rectificaci\u00f3n de tus datos en caso de que resulten incompletos o inexactos. <a href=\"https:\/\/collinsdivisionveterinaria.com\/?page_id=2406\" rel=\"noopener\">Click aqu\u00ed para comenzar<\/a><\/li>\n \t<li>Solicitar la cancelaci\u00f3n de los mismos por no ajustarse a las disposiciones aplicables. <a href=\"https:\/\/collinsdivisionveterinaria.com\/?page_id=2422\" rel=\"noopener\">Click aqu\u00ed para comenzar<\/a><\/li>\n \t<li>Oponerse al uso de tus datos si es que los mismos fueron obtenidos sin tu consentimiento. <a href=\"https:\/\/collinsdivisionveterinaria.com\/?page_id=2440\" rel=\"noopener\">Click aqu\u00ed para comenzar<\/a><\/li>\n<\/ul>\t\t\t\t\t\t\t\t<\/div>\n\t\t\t\t<\/div>\n\t\t\t\t\t<\/div>\n\t\t\t\t<\/div>\n\t\t<div class=\"elementor-element elementor-element-97f4b86 e-flex e-con-boxed e-con e-parent\" data-id=\"97f4b86\" data-element_type=\"container\">\n\t\t\t\t\t<div class=\"e-con-inner\">\n\t\t\t\t<div class=\"elementor-element elementor-element-24d310f elementor-widget elementor-widget-spacer\" data-id=\"24d310f\" data-element_type=\"widget\" data-widget_type=\"spacer.default\">\n\t\t\t\t<div class=\"elementor-widget-container\">\n\t\t\t\t\t\t\t<div class=\"elementor-spacer\">\n\t\t\t<div class=\"elementor-spacer-inner\"><\/div>\n\t\t<\/div>\n\t\t\t\t\t\t<\/div>\n\t\t\t\t<\/div>\n\t\t\t\t\t<\/div>\n\t\t\t\t<\/div>\n\t\t<div class=\"elementor-element elementor-element-4d2b955 e-flex e-con-boxed e-con e-parent\" data-id=\"4d2b955\" data-element_type=\"container\">\n\t\t\t\t\t<div class=\"e-con-inner\">\n\t\t\t\t<div class=\"elementor-element elementor-element-eb10bef elementor-widget elementor-widget-image\" data-id=\"eb10bef\" data-element_type=\"widget\" data-widget_type=\"image.default\">\n\t\t\t\t<div class=\"elementor-widget-container\">\n\t\t\t\t\t\t\t\t\t\t\t\t\t\t\t<img fetchpriority=\"high\" decoding=\"async\" width=\"640\" height=\"169\" src=\"https:\/\/collinsdivisionveterinaria.com\/wp-content\/uploads\/2025\/02\/pie-de-pagina.svg\" class=\"attachment-large size-large wp-image-2184\" alt=\"\" \/>\t\t\t\t\t\t\t\t\t\t\t\t\t\t\t<\/div>\n\t\t\t\t<\/div>\n\t\t\t\t\t<\/div>\n\t\t\t\t<\/div>\n\t\t\t\t<\/div>\n\t\t","protected":false},"excerpt":{"rendered":"<p>La protecci\u00f3n de tus datos personales es un derecho vinculado a la protecci\u00f3n de tu privacidad. Te ofrece los medios para controlar el uso ajeno y destino de tu informaci\u00f3n general, con el prop\u00f3sito de impedir su tr\u00e1fico il\u00edcito y la potencial vulneraci\u00f3n de tu dignidad. Este poder de control sobre tus datos personales se manifiesta a trav\u00e9s de los&#8230;<\/p>\n","protected":false},"author":4,"featured_media":0,"parent":0,"menu_order":0,"comment_status":"closed","ping_status":"closed","template":"","meta":{"_monsterinsights_skip_tracking":false,"_monsterinsights_sitenote_active":false,"_monsterinsights_sitenote_note":"","_monsterinsights_sitenote_category":0,"_kadence_starter_templates_imported_post":false,"footnotes":""},"class_list":["post-2319","page","type-page","status-publish","hentry"],"aioseo_notices":[],"_links":{"self":[{"href":"https:\/\/collinsdivisionveterinaria.com\/index.php?rest_route=\/wp\/v2\/pages\/2319","targetHints":{"allow":["GET"]}}],"collection":[{"href":"https:\/\/collinsdivisionveterinaria.com\/index.php?rest_route=\/wp\/v2\/pages"}],"about":[{"href":"https:\/\/collinsdivisionveterinaria.com\/index.php?rest_route=\/wp\/v2\/types\/page"}],"author":[{"embeddable":true,"href":"https:\/\/collinsdivisionveterinaria.com\/index.php?rest_route=\/wp\/v2\/users\/4"}],"replies":[{"embeddable":true,"href":"https:\/\/collinsdivisionveterinaria.com\/index.php?rest_route=%2Fwp%2Fv2%2Fcomments&post=2319"}],"version-history":[{"count":26,"href":"https:\/\/collinsdivisionveterinaria.com\/index.php?rest_route=\/wp\/v2\/pages\/2319\/revisions"}],"predecessor-version":[{"id":2806,"href":"https:\/\/collinsdivisionveterinaria.com\/index.php?rest_route=\/wp\/v2\/pages\/2319\/revisions\/2806"}],"wp:attachment":[{"href":"https:\/\/collinsdivisionveterinaria.com\/index.php?rest_route=%2Fwp%2Fv2%2Fmedia&parent=2319"}],"curies":[{"name":"wp","href":"https:\/\/api.w.org\/{rel}","templated":true}]}}