{"id":2306,"date":"2025-02-25T22:31:38","date_gmt":"2025-02-25T22:31:38","guid":{"rendered":"https:\/\/collinsdivisionveterinaria.com\/?page_id=2306"},"modified":"2025-04-11T14:18:26","modified_gmt":"2025-04-11T14:18:26","slug":"aviso-de-privacidad-para-visitantes","status":"publish","type":"page","link":"https:\/\/collinsdivisionveterinaria.com\/?page_id=2306","title":{"rendered":"Aviso de Privacidad para Visitantes"},"content":{"rendered":"\t\t<div data-elementor-type=\"wp-page\" data-elementor-id=\"2306\" class=\"elementor elementor-2306\">\n\t\t\t\t<div class=\"elementor-element elementor-element-5e66e7f e-flex e-con-boxed e-con e-parent\" data-id=\"5e66e7f\" data-element_type=\"container\">\n\t\t\t\t\t<div class=\"e-con-inner\">\n\t\t\t\t<div class=\"elementor-element elementor-element-55e357f elementor-widget elementor-widget-text-editor\" data-id=\"55e357f\" data-element_type=\"widget\" data-widget_type=\"text-editor.default\">\n\t\t\t\t<div class=\"elementor-widget-container\">\n\t\t\t\t\t\t\t\t\t<p><strong>Collins Divisi\u00f3n Veterinaria, S.A. de C.V<\/strong>. en adelante conocido como<strong> Collins Divisi\u00f3n Veterinaria<\/strong> pone a su disposici\u00f3n su Aviso de Privacidad de conformidad con lo establecido en la Ley Federal de Protecci\u00f3n de Datos Personales en Posesi\u00f3n de los Particulares, publicada en el Diario Oficial de la Federaci\u00f3n el d\u00eda 20 de marzo de 2025 (LFPDPPP), as\u00ed como acorde al Reglamento de la Ley Federal de Protecci\u00f3n de Datos Personales en Posesi\u00f3n de los Particulares y los lineamientos emitidos por la Secretar\u00eda de Econom\u00eda en el a\u00f1o 2013. El presente aviso de privacidad se encuentra disponible a trav\u00e9s de la p\u00e1gina web <a href=\"https:\/\/collinsdivisionveterinaria.com\/\">https:\/\/collinsdivisionveterinaria.com\/<\/a><\/p><h4><strong style=\"text-align: var(--text-align);\">1. Identidad<\/strong><\/h4><p><strong>Collins Divisi\u00f3n Veterinaria<\/strong> es una sociedad mercantil debidamente constituida de conformidad a las leyes de la Rep\u00fablica Mexicana inscrita en el Registro P\u00fablico del Comercio bajo Folio Mercantil Electr\u00f3nico 12694*1 es responsable del uso, protecci\u00f3n y tratamiento de los datos personales suministrados por los usuarios a trav\u00e9s del sitio web <a href=\"https:\/\/collinsdivisionveterinaria.com\/\">https:\/\/collinsdivisionveterinaria.com\/<\/a>, as\u00ed como los recabados de forma directa o indirecta de forma f\u00edsica.<\/p><p><strong>Collins Divisi\u00f3n Veterinaria<\/strong> se compromete a asegurar la informaci\u00f3n personal proporcionada de conformidad a los principios de licitud, finalidad, lealtad, consentimiento, calidad, proporcionalidad, informaci\u00f3n y responsabilidad en el tratamiento de datos personales, que se desprenden del presente y sustancialmente de conformidad con la legislaci\u00f3n vigente en materia de protecci\u00f3n de datos personales nacional e internacionalmente.<\/p><h4><strong style=\"text-align: var(--text-align);\">2. Domicilio<\/strong><\/h4><p>Para efectos del presente Aviso de Privacidad, <strong>Collins Divisi\u00f3n Veterinaria<\/strong> se\u00f1ala su domicilio ubicado en la calle Rotonda 12, Valle del \u00c1lamo, 44440 Guadalajara, Jalisco y es titular del sitio web <a href=\"https:\/\/collinsdivisionveterinaria.com\/\">https:\/\/collinsdivisionveterinaria.com\/<\/a><\/p><h4><strong style=\"text-align: var(--text-align);\">3. Departamento de Datos Personales y datos de contacto<\/strong><\/h4><p>Los datos de contacto del departamento de datos personales de <strong>Collins Divisi\u00f3n Veterinaria<\/strong> (El Departamento de Datos Personales) son los siguientes: Domicilio: Avenida L\u00f3pez Mateos Sur #1938, Colonia Agua Blanca Industrial, C.P.- 45235, dentro de la municipalidad de Zapopan, Jalisco. Tel\u00e9fono: 33 3345 5100, extensi\u00f3n 3346. Horario de atenci\u00f3n de lunes a viernes de 9:00 A.M. a 05:00 P.M. Correo electr\u00f3nico: <a href=\"mailto:arcocdv@collinsdv.com.mx\">arcocdv@collinsdv.com.mx<\/a><\/p><p><strong>Collins Divisi\u00f3n Veterinaria<\/strong> en este acto de conformidad con el numeral 29 de la Ley designa al Departamento de Datos Personales para dar atenci\u00f3n y tr\u00e1mite a las solicitudes de los titulares de datos para el ejercicio de los derechos ARCO a que se refiere la Ley y acorde a lo establecido en el punto 11 del presente Aviso de Privacidad.<\/p><h4><strong style=\"text-align: var(--text-align);\">4. \u00bfQu\u00e9 datos personales recabamos y utilizamos sobre usted?<\/strong><\/h4><p>Para llevar a cabo las finalidades descritas en el presente aviso de privacidad, utilizaremos los siguientes datos personales:<\/p><p><strong>Datos de identificaci\u00f3n.<br \/>Datos de contacto.<\/strong><\/p><p>Al respecto le informamos que no recabamos ning\u00fan dato personal que la Ley considere como sensible y que de conformidad con el art\u00edculo 5 del Reglamento a la Ley no se considerar\u00e1n como datos personales la relativa a personas f\u00edsicas en su calidad de comerciantes y profesionistas, y la de personas que con actividades empresariales y\/o prestaci\u00f3n de servicios, consistente \u00fanicamente en su nombre y apellidos, las funciones o puestos desempe\u00f1ados.<\/p><h4><strong style=\"text-align: var(--text-align);\">5. \u00bfCu\u00e1les son los medios para recabar sus datos personales?<\/strong><\/h4><p>Recabamos informaci\u00f3n personal sobre usted por diferentes medios, en este caso al acceder a nuestras instalaciones ser\u00e1 de forma presencial. En cualquier caso, en el momento de la recogida se le informar\u00e1 del responsable del tratamiento, la finalidad del mismo, los destinatarios de la informaci\u00f3n, as\u00ed como la forma de ejercer los derechos que le otorga la legislaci\u00f3n vigente en protecci\u00f3n de datos conforme al presente Aviso de Privacidad.<br \/>Las im\u00e1genes obtenidas por las c\u00e1maras de video que se localizan dentro de nuestras instalaciones son para su seguridad y la de todos nuestros visitantes y colaboradores mediante su supervisi\u00f3n o monitoreo permanente. Las im\u00e1genes se mantienen por un m\u00e1ximo de 30 d\u00edas por motivos de seguridad, despu\u00e9s de lo cual son borradas definitivamente.<\/p><h4><strong style=\"text-align: var(--text-align);\">6. \u00bfPara qu\u00e9 fines utilizaremos sus datos personales?<\/strong><\/h4><p>Los datos personales que recabamos de usted, los utilizaremos para las siguientes finalidades que necesarias para el acceso y permanencia en nuestras instalaciones:<\/p><ul><li>Solicitar informaci\u00f3n para el acceso a nuestras instalaciones.<\/li><li>Procurar la seguridad de las personas y las instalaciones a trav\u00e9s del sistema de videovigilancia.<\/li><li>Realizar la atenci\u00f3n y el seguimiento del motivo de su visita.<\/li><\/ul><p>\u00a0<\/p><p>El tratamiento de sus datos personales ser\u00e1 el que resulte necesario, adecuado y obligatorio en relaci\u00f3n con las finalidades previstas en el presente aviso de privacidad. En caso de que no desee que sus datos personales sean tratados para estos fines usted podr\u00e1 presentar desde este momento un escrito dirigido al Departamento de Datos Personales de <strong>Collins Divisi\u00f3n Veterinaria<\/strong> conforme a lo establecido en el punto 11 del presente Aviso de Privacidad, de lo contrario se entender\u00e1 como otorgado el consentimiento t\u00e1citamente de su parte a <strong>Collins Divisi\u00f3n Veterinaria<\/strong> el uso de sus datos personales para los fines antes establecidos.<\/p><h4><strong style=\"text-align: var(--text-align);\">7. Ubicaci\u00f3n de los datos recabados<\/strong><\/h4><p>Los datos personales recabados por de manera virtual o en l\u00ednea<strong> Collins Divisi\u00f3n Veterinaria<\/strong> ser\u00e1n almacenados en los servidores ubicados en nuestras instalaciones. Los datos personales recabados por las c\u00e1maras de vigilancia de <strong>Collins Divisi\u00f3n Veterinaria<\/strong> ser\u00e1n almacenados en los servidores ubicados en sus instalaciones y borrados despu\u00e9s de 30 d\u00edas. Mientras que la documentaci\u00f3n que sea entregada en f\u00edsico se resguardar\u00e1 en el domicilio de <strong>Collins Divisi\u00f3n Veterinaria<\/strong> misma que podr\u00e1 ser digitalizada para encontrarse en el primer supuesto.<br \/><br \/><\/p><p>Al respecto <strong>Collins Divisi\u00f3n Veterinaria<\/strong> le informa que cuenta con los est\u00e1ndares f\u00edsicos y digitales para evitar que la informaci\u00f3n pueda ser usada con cualquier fin distinto a lo establecido en el presente Aviso de Privacidad, teniendo a colaboradores debidamente capacitados en el control y aseguramiento de confidencialidad de los mismos, al respecto <strong>Collins Divisi\u00f3n Veterinaria<\/strong> se obliga a notificar al usuario si sus datos personales se vieran vulnerados.<\/p><h4><strong style=\"text-align: var(--text-align);\">8. \u00bfC\u00f3mo protegemos sus datos personales?<\/strong><\/h4><p>En <strong>Collins Divisi\u00f3n Veterinaria<\/strong> sabemos que es de vital importancia el aseguramiento de los datos personales que ha puesto a nuestra disposici\u00f3n por lo que para su cuidado utilizamos las medidas t\u00e9cnicas y organizativas adecuadas, con la finalidad de proteger su informaci\u00f3n personal y su privacidad y revisamos dichas medidas peri\u00f3dicamente. Protegemos su informaci\u00f3n personal mediante el uso de una combinaci\u00f3n de controles de seguridad tanto f\u00edsicos como inform\u00e1ticos o l\u00f3gicos, incluso controles de acceso que restringen y administran la forma en que su informaci\u00f3n y sus datos personales son procesados, administrados y gestionados. Tambi\u00e9n nos aseguramos de que nuestros empleados se encuentren debidamente capacitados para proteger su informaci\u00f3n personal.<\/p><h4><strong>9. \u00bfA qui\u00e9n se comunica su informaci\u00f3n? (Transferencia de Datos a Terceros)\u00a0<\/strong><\/h4><p>Le informamos que sus datos personales que se obtienen a trav\u00e9s de estas tecnolog\u00edas y los se\u00f1alados en el punto 4 de presente aviso de privacidad los compartiremos con las siguientes personas, empresas, organizaciones o autoridades distintas a nosotros sobre las cuales NO es necesario su consentimiento de conformidad a lo establecido en el art\u00edculo 36 de la Ley, para los siguientes fines:<\/p><div style=\"text-align: center;\"><table style=\"border-collapse: collapse; margin: 0 auto;\"><tbody><tr><td style=\"border: 1px solid black; padding: 8px;\">Destinatario de los Datos Personales.<\/td><td style=\"border: 1px solid black; padding: 8px;\">Finalidad.<\/td><\/tr><tr><td style=\"border: 1px solid black; padding: 8px;\">Familiares.<\/td><td style=\"border: 1px solid black; padding: 8px;\">En caso de sufrir alg\u00fan accidente en las instalaciones de <strong>Collins Divisi\u00f3n Veterinaria <\/strong>y sea requerido dar aviso a un familiar.<\/td><\/tr><tr><td style=\"border: 1px solid black; padding: 8px;\">Sociedades controladoras, subsidiarias, afiliadas, matrices y\/o sociedades del mismo grupo.<\/td><td style=\"border: 1px solid black; padding: 8px;\">Cumplimiento de finalidades primarias y secundarias.<\/td><\/tr><tr><td style=\"border: 1px solid black; padding: 8px;\">Empresas de Seguridad.<\/td><td style=\"border: 1px solid black; padding: 8px;\">Atenci\u00f3n de incidentes relacionados con la seguridad f\u00edsica en nuestras instalaciones.<\/td><\/tr><\/tbody><\/table><\/div><p>\u00a0<\/p><p>Si usted no desea que sus datos personales sean transferidos le pedimos que nos lo haga saber a trav\u00e9s de los medios designados en el punto 11, lo anterior solo ser\u00e1 aplicable en caso de que sea necesario su consentimiento para la transferencia descrita.<\/p><h4><strong>10. Autorizaci\u00f3n del usuario y medios para limitar el uso o divulgaci\u00f3n de los datos y mecanismo<\/strong><\/h4><p>De conformidad el art\u00edculo 26 de la (LFPDPPP), al no oponerse o ejercer alg\u00fan derecho de los previstos en el punto 11 del presente aviso de privacidad, t\u00e1citamente obtenemos su consentimiento para realizar las transferencias de datos necesarias y se\u00f1aladas en el presente aviso de privacidad. En cualquier momento puede usted limitar el uso y divulgaci\u00f3n de su informaci\u00f3n personal, solicitando su registro en el \u201cListado de Exclusi\u00f3n\u201d, a fin de que sus datos personales no sean tratados para fines mercadot\u00e9cnicos, publicitarios o de prospecci\u00f3n comercial por nuestra parte, para mayor informaci\u00f3n favor de ponerse en contacto con el Departamento de Datos Personales de <strong>Collins Divisi\u00f3n Veterinaria<\/strong>.<\/p><h4><strong>11. Medios para ejercer los derechos de acceso, rectificaci\u00f3n, cancelaci\u00f3n y oposici\u00f3n (ARCO) y en su caso revocaci\u00f3n del consentimiento para ciertos fines<\/strong><\/h4><p><strong>Collins Divisi\u00f3n Veterinaria<\/strong> le informa que derivado del tratamiento de datos personales usted tiene derecho a ejercer la solicitud de;<\/p><ul><li><strong>Acceso<\/strong>, derecho a obtener del responsable sus datos personales, as\u00ed como informaci\u00f3n relativa a las condiciones y generalidades del tratamiento.<\/li><li><strong>Rectificaci\u00f3n<\/strong>, solicitar en todo momento al responsable que rectifique sus datos personales que resulten ser inexactos o incompletos.<\/li><li><strong>Cancelaci\u00f3n<\/strong>, implica el cese en el tratamiento por parte del responsable, a partir de un bloqueo de los mismos y su posterior supresi\u00f3n, y<\/li><li><strong>Oposici\u00f3n<\/strong> oponerse al tratamiento de sus datos personales o exigir que se cese en el mismo, en t\u00e9rminos del Art\u00edculo 109 del Reglamento.<\/li><\/ul><p>Denominados de ahora en adelante en su conjunto como derechos ARCO su acceso es gratuito, y se brindar\u00e1n de forma efectiva y oportuna por <strong>Collins Divisi\u00f3n Veterinaria<\/strong>, para lo cual deber\u00e1 presentar su solicitud dirigida al Departamento de Datos Personales de Collins en cualquiera de los siguientes medios:<\/p><p>Mediante Correo electr\u00f3nico: <a href=\"mailto:arcocdv@collinsdv.com.mx\">arcocdv@collinsdv.com.mx<\/a>\u00a0y\/o<\/p><p>Directamente al Domicilio: Avenida L\u00f3pez Mateos No. 1938, Col. Agua Blanca, Zapopan, Jalisco, C.P.- 45235.<\/p><p>Dicha solicitud deber\u00e1 contener:<\/p><ul><li>Nombre y domicilio del interesado o su representante, as\u00ed como cualquier informaci\u00f3n complementaria que sirva para contactarle.<\/li><li>Documentos que acrediten la identidad del solicitante y en su caso del representante legal, como puede ser su credencial para votar expedida por el Instituto Nacional Electoral, pasaporte o documento migratorio que constante la legal estancia del extranjero en el pa\u00eds. En caso de comparecer a trav\u00e9s de representante legal deber\u00e1 de acompa\u00f1arse una copia del instrumento p\u00fablico en donde conste la representaci\u00f3n legal del solicitante.<\/li><li>Descripci\u00f3n concisa y clara que describa los derechos que se desean ejercer, as\u00ed como los datos personales involucrados, incluyendo en el caso de rectificaci\u00f3n las modificaciones a realizarse.<\/li><li>Cualquier elemento que sustente su solicitud o facilite la localizaci\u00f3n de sus datos personales.<\/li><\/ul><p><strong>\u00a0<\/strong><\/p><p><strong>Collins Divisi\u00f3n Veterinaria<\/strong> mediante su departamento de Datos Personales, dar\u00e1 respuesta al interesado dentro de los 20 d\u00edas h\u00e1biles siguientes a la recepci\u00f3n de la solicitud, salvo que se actualicen las excepciones previstas en el art\u00edculo 33 de la Ley Federal de Protecci\u00f3n de Datos Personales en Posesi\u00f3n de los Particulares la \u201cLey\u201d y lo dispuesto en el Art\u00edculo 100 del Reglamento de la Ley.<br \/><br \/><\/p><p>Adem\u00e1s del ejercicio de sus derechos ARCO usted podr\u00e1<strong> revocar el consentimiento<\/strong> que nos ha otorgado para el tratamiento de sus datos personales, a fin de que dejemos de hacer uso y transferencia de los mismos mediante la utilizaci\u00f3n de los mecanismos previstos para ello en este documento. A lo anterior puede ser factible no proceder a la revocaci\u00f3n cuando el tratamiento sea necesario para el cumplimiento de una obligaci\u00f3n legal, para el cumplimiento de una misi\u00f3n realizada en inter\u00e9s p\u00fablico la protecci\u00f3n de la seguridad nacional, el orden, la seguridad y la salud p\u00fablicos, o fines estad\u00edsticos para lo cual nos puede hacer llegar su petici\u00f3n por escrito en cualquiera de los siguientes medios dirigido al Departamento de Datos Personales de <strong>Collins Divisi\u00f3n Veterinaria<\/strong>:<\/p><p>Mediante Correo electr\u00f3nico: <a href=\"mailto:arcocdv@collinsdv.com.mx\">arcocdv@collinsdv.com.mx<\/a><\/p><p>y\/o Directamente al Domicilio: Avenida L\u00f3pez Mateos No. 1938, Col. Agua Blanca, Zapopan, Jalisco. C.P.- 45235.<\/p><p>La solicitud deber\u00e1 ir acompa\u00f1ada de la siguiente informaci\u00f3n:<\/p><ul><li>Nombre y domicilio del interesado o su representante, as\u00ed como cualquier informaci\u00f3n complementaria que sirva para contactarle.<\/li><li>Documentos que acrediten la identidad del solicitante y en su caso del representante legal, como puede ser su credencial para votar expedida por el Instituto Nacional Electoral, pasaporte o documento migratorio que constante la legal estancia del extranjero en el pa\u00eds En caso de comparecer a trav\u00e9s de representante legal deber\u00e1 de acompa\u00f1arse una copia del instrumento p\u00fablico otorgado ante Fedatario P\u00fablico en donde conste la representaci\u00f3n legal del solicitante.<\/li><li>Descripci\u00f3n concisa y clara que describa los derechos que se desean ejercer, as\u00ed como los datos personales involucrados y de ser posible aquellos elementos que nos permitan tener una mayor identificaci\u00f3n para dar correcta contestaci\u00f3n a su solicitud.<\/li><\/ul><p>\u00a0<\/p><p><strong>Collins Divisi\u00f3n Veterinaria<\/strong> dar\u00e1 respuesta al interesado dentro de los 20 d\u00edas h\u00e1biles siguientes a la recepci\u00f3n de la solicitud, salvo que se actualicen las excepciones previstas en el art\u00edculo 33 de la Ley Federal de Protecci\u00f3n de Datos Personales en Posesi\u00f3n de los Particulares, la \u201cLey\u201d y lo dispuesto en el Art\u00edculo 97 del Reglamento de la Ley.<\/p><h4><strong>12. Cambios al Aviso de Privacidad<\/strong><\/h4><p><strong>Collins<\/strong> podr\u00e1 modificar el presente Aviso de Privacidad conforme a sus necesidades, renovaci\u00f3n de pol\u00edticas internas, reformas a las legislaciones en materia de Protecci\u00f3n de Datos Personales nacional e internacional o bien debido a la modificaci\u00f3n de los productos y\/o servicios ofertados por<strong> Collins Divisi\u00f3n Veterinaria<\/strong>, usted podr\u00e1 consultar las nuevas versiones de nuestro Aviso de Privacidad en el siguiente enlace: <a href=\"https:\/\/collinsdivisionveterinaria.com\/?page_id=995\">Avisos de Privacidad<\/a>.<\/p><p>Este Aviso de Privacidad fue revisado y actualizado por \u00faltima vez el 10 de abril de 2025.<\/p><p>Otorgo mi consentimiento para que mis datos personales sean tratados conforme a lo se\u00f1alado en el presente aviso de privacidad.<\/p>\t\t\t\t\t\t\t\t<\/div>\n\t\t\t\t<\/div>\n\t\t\t\t\t<\/div>\n\t\t\t\t<\/div>\n\t\t<div class=\"elementor-element elementor-element-37d8e4e e-flex e-con-boxed e-con e-parent\" data-id=\"37d8e4e\" data-element_type=\"container\">\n\t\t\t\t\t<div class=\"e-con-inner\">\n\t\t\t\t<div class=\"elementor-element elementor-element-6651d3a elementor-widget elementor-widget-spacer\" data-id=\"6651d3a\" data-element_type=\"widget\" data-widget_type=\"spacer.default\">\n\t\t\t\t<div class=\"elementor-widget-container\">\n\t\t\t\t\t\t\t<div class=\"elementor-spacer\">\n\t\t\t<div class=\"elementor-spacer-inner\"><\/div>\n\t\t<\/div>\n\t\t\t\t\t\t<\/div>\n\t\t\t\t<\/div>\n\t\t\t\t\t<\/div>\n\t\t\t\t<\/div>\n\t\t<div class=\"elementor-element elementor-element-5786f6c e-flex e-con-boxed e-con e-parent\" data-id=\"5786f6c\" data-element_type=\"container\">\n\t\t\t\t\t<div class=\"e-con-inner\">\n\t\t\t\t<div class=\"elementor-element elementor-element-f399c94 elementor-widget elementor-widget-image\" data-id=\"f399c94\" data-element_type=\"widget\" data-widget_type=\"image.default\">\n\t\t\t\t<div class=\"elementor-widget-container\">\n\t\t\t\t\t\t\t\t\t\t\t\t\t\t\t<img fetchpriority=\"high\" decoding=\"async\" width=\"640\" height=\"169\" src=\"https:\/\/collinsdivisionveterinaria.com\/wp-content\/uploads\/2025\/02\/pie-de-pagina.svg\" class=\"attachment-large size-large wp-image-2184\" alt=\"\" \/>\t\t\t\t\t\t\t\t\t\t\t\t\t\t\t<\/div>\n\t\t\t\t<\/div>\n\t\t\t\t\t<\/div>\n\t\t\t\t<\/div>\n\t\t\t\t<\/div>\n\t\t","protected":false},"excerpt":{"rendered":"<p>Collins Divisi\u00f3n Veterinaria, S.A. de C.V. en adelante conocido como Collins Divisi\u00f3n Veterinaria pone a su disposici\u00f3n su Aviso de Privacidad de conformidad con lo establecido en la Ley Federal de Protecci\u00f3n de Datos Personales en Posesi\u00f3n de los Particulares, publicada en el Diario Oficial de la Federaci\u00f3n el d\u00eda 20 de marzo de 2025 (LFPDPPP), as\u00ed como acorde al&#8230;<\/p>\n","protected":false},"author":4,"featured_media":0,"parent":0,"menu_order":0,"comment_status":"closed","ping_status":"closed","template":"","meta":{"_monsterinsights_skip_tracking":false,"_monsterinsights_sitenote_active":false,"_monsterinsights_sitenote_note":"","_monsterinsights_sitenote_category":0,"_kadence_starter_templates_imported_post":false,"footnotes":""},"class_list":["post-2306","page","type-page","status-publish","hentry"],"aioseo_notices":[],"_links":{"self":[{"href":"https:\/\/collinsdivisionveterinaria.com\/index.php?rest_route=\/wp\/v2\/pages\/2306","targetHints":{"allow":["GET"]}}],"collection":[{"href":"https:\/\/collinsdivisionveterinaria.com\/index.php?rest_route=\/wp\/v2\/pages"}],"about":[{"href":"https:\/\/collinsdivisionveterinaria.com\/index.php?rest_route=\/wp\/v2\/types\/page"}],"author":[{"embeddable":true,"href":"https:\/\/collinsdivisionveterinaria.com\/index.php?rest_route=\/wp\/v2\/users\/4"}],"replies":[{"embeddable":true,"href":"https:\/\/collinsdivisionveterinaria.com\/index.php?rest_route=%2Fwp%2Fv2%2Fcomments&post=2306"}],"version-history":[{"count":46,"href":"https:\/\/collinsdivisionveterinaria.com\/index.php?rest_route=\/wp\/v2\/pages\/2306\/revisions"}],"predecessor-version":[{"id":2631,"href":"https:\/\/collinsdivisionveterinaria.com\/index.php?rest_route=\/wp\/v2\/pages\/2306\/revisions\/2631"}],"wp:attachment":[{"href":"https:\/\/collinsdivisionveterinaria.com\/index.php?rest_route=%2Fwp%2Fv2%2Fmedia&parent=2306"}],"curies":[{"name":"wp","href":"https:\/\/api.w.org\/{rel}","templated":true}]}}